{"id":3,"date":"2023-05-31T11:12:12","date_gmt":"2023-05-31T11:12:12","guid":{"rendered":"https:\/\/www.mesaahsap.com.tr\/?page_id=3"},"modified":"2023-10-16T13:17:55","modified_gmt":"2023-10-16T13:17:55","slug":"yasal-uyari","status":"publish","type":"page","link":"https:\/\/www.mesaahsap.com.tr\/en\/yasal-uyari\/","title":{"rendered":"Yasal Uyar\u0131"},"content":{"rendered":"<div data-elementor-type=\"wp-page\" data-elementor-id=\"3\" class=\"elementor elementor-3\">\n\t\t\t\t\t\t\t\t\t<section class=\"elementor-section elementor-top-section elementor-element elementor-element-6a3e6398 elementor-section-boxed elementor-section-height-default elementor-section-height-default\" data-id=\"6a3e6398\" data-element_type=\"section\">\n\t\t\t\t\t\t<div class=\"elementor-container elementor-column-gap-default\">\n\t\t\t\t\t<div class=\"elementor-column elementor-col-100 elementor-top-column elementor-element elementor-element-2747c185\" data-id=\"2747c185\" data-element_type=\"column\">\n\t\t\t<div class=\"elementor-widget-wrap elementor-element-populated\">\n\t\t\t\t\t\t\t\t<div class=\"elementor-element elementor-element-3341928a elementor-widget elementor-widget-text-editor\" data-id=\"3341928a\" data-element_type=\"widget\" data-widget_type=\"text-editor.default\">\n\t\t\t\t<div class=\"elementor-widget-container\">\n\t\t\t<style>\/*! elementor - v3.17.0 - 01-11-2023 *\/\n.elementor-widget-text-editor.elementor-drop-cap-view-stacked .elementor-drop-cap{background-color:#69727d;color:#fff}.elementor-widget-text-editor.elementor-drop-cap-view-framed .elementor-drop-cap{color:#69727d;border:3px solid;background-color:transparent}.elementor-widget-text-editor:not(.elementor-drop-cap-view-default) .elementor-drop-cap{margin-top:8px}.elementor-widget-text-editor:not(.elementor-drop-cap-view-default) .elementor-drop-cap-letter{width:1em;height:1em}.elementor-widget-text-editor .elementor-drop-cap{float:left;text-align:center;line-height:1;font-size:50px}.elementor-widget-text-editor .elementor-drop-cap-letter{display:inline-block}<\/style>\t\t\t\t<p class=\"228bf8a64b8551e1MsoNormal\"><b>YASAL UYARI<\/b><\/p>\n<p class=\"228bf8a64b8551e1MsoNormal\">MESA bu sitede yer alan bilgilerin tam ve do\u011fru veya sayfaya kesintisiz giri\u015f sa\u011flanaca\u011f\u0131n\u0131 garanti etmemektedir. \u0130\u015fbu sitede yer alan beyanlar hukuken taahh\u00fct niteli\u011finde say\u0131lmayacakt\u0131r ve ba\u011flay\u0131c\u0131 de\u011fildir. Bu bilgilerle \u00fc\u00e7\u00fcnc\u00fc \u015fah\u0131slar\u0131n haklar\u0131n\u0131n ihlal edilmemesi; m\u00fclkiyet, sat\u0131labilirlik, belirli bir ama\u00e7 i\u00e7in uygunluk ve\/veya bilgisayar vir\u00fcs\u00fc bulunmamas\u0131na ili\u015fkin garantiler dahil ancak bunlarla s\u0131n\u0131rl\u0131 kalmamak kayd\u0131yla, z\u0131mnen, a\u00e7\u0131k\u00e7a ya da yasal olarak hi\u00e7bir garanti vermemektedir.<\/p>\n<p class=\"228bf8a64b8551e1MsoNormal\">Bu internet sitesinde yer alan bilgi, rapor, g\u00f6zlem, tahmin, grafik ve benzeri her t\u00fcrl\u00fc elektronik dok\u00fcman MESA taraf\u0131ndan herhangi bir maddi menfaat temin edilmeksizin genel anlamda kamuoyunu bilgilendirmek amac\u0131yla haz\u0131rlanm\u0131\u015ft\u0131r. Internet sitemizde yer alan bu elektronik dok\u00fcmanlar\u0131n do\u011frulu\u011fu; yaz\u0131m hatas\u0131, yaz\u0131l\u0131m hatas\u0131, aktar\u0131m hatas\u0131, sistemlerin bozulmas\u0131 veya sald\u0131r\u0131ya u\u011framas\u0131 gibi nedenlerden kaynaklanan hatalara kar\u015f\u0131 garanti edilmemektedir.<\/p>\n<p class=\"228bf8a64b8551e1MsoNormal\">Bu nedenle bu internet sitesinde yer alan elektronik dok\u00fcmanlardaki hatalardan, eksikliklerden ya da bu dok\u00fcmanlara dayan\u0131larak yap\u0131lan i\u015flemlerden do\u011facak, do\u011frudan veya dolayl\u0131, her t\u00fcrl\u00fc maddi\/manevi zararlar ve masraflardan ve her ne \u015fekilde olursa olsun \u00fc\u00e7\u00fcnc\u00fc ki\u015filerin u\u011frayabilece\u011fi her t\u00fcrl\u00fc zarar ve masraflardan dolay\u0131 MESA sorumlu tutulamaz.<\/p>\n<p class=\"228bf8a64b8551e1MsoNormal\">Bu internet sitesinin kullan\u0131m\u0131 s\u0131ras\u0131nda herhangi bir ar\u0131za, hata, eksiklik, kesinti, kusur veya nakilde gecikme, bilgisayar vir\u00fcs\u00fc veya hat veya sistem ar\u0131zas\u0131 sonucu ortaya \u00e7\u0131kan do\u011frudan ya da dolayl\u0131 ortaya \u00e7\u0131kan zarar, ziyan ve masraflar da dahil ancak bunlarla s\u0131n\u0131rl\u0131 olmamak \u00fczere hi\u00e7bir zarardan, MESA ve\/veya \u00e7al\u0131\u015fan\u0131, bu t\u00fcr bir zarar olas\u0131l\u0131\u011f\u0131ndan haberdar edilmi\u015f olsalar dahi, sorumlu olmazlar.<\/p>\n<p class=\"228bf8a64b8551e1MsoNormal\">Bu bilgiler do\u011frultusunda, MESA bu sitenin i\u00e7eri\u011finde yer alan bilgilerden ve g\u00f6rsel malzemeden kaynaklanabilecek hatalardan, maddi veya manevi zararlardan hi\u00e7 bir \u015fekil ve surette sorumlu de\u011fildir.<\/p>\n<p class=\"228bf8a64b8551e1MsoNormal\">Burada yer alan t\u00fcm bilgiler \u00f6nceden haber verilmeksizin de\u011fi\u015ftirilebilir. MESA diledi\u011fi zaman, sitenin herhangi bir b\u00f6l\u00fcm\u00fcn\u00fc iptal edebilir, de\u011fi\u015ftirebilir, haber vermeksizin sitedeki baz\u0131 \u00f6zellikleri veya bilgileri veya sitenin baz\u0131 b\u00f6l\u00fcmlerine eri\u015fimi s\u0131n\u0131rland\u0131rabilir.<\/p>\n<p class=\"228bf8a64b8551e1MsoNormal\">MESA Web Sitesinin vir\u00fcs \u00f6nlemlerini alm\u0131\u015f olmakla birlikte, bu konuda bir garanti vermemektedir. Herhangi bir bilgi, belge, uygulama vb. indirmeden \u00f6nce vir\u00fcslerden korunma konusunda gerekli \u00f6nlemlerin al\u0131nmas\u0131 tavsiye edilir.<\/p>\n<p class=\"228bf8a64b8551e1MsoNormal\">Bu Web Sitesi ve t\u00fcm sayfalar\u0131 Fikir ve Sanat Eserleri Kanunu&#8217;na tabidir ve i\u00e7eri\u011fine ili\u015fkin her t\u00fcrl\u00fc ses, g\u00f6r\u00fcnt\u00fc, yaz\u0131 i\u00e7eren bilgi, belge ve her t\u00fcrl\u00fc fikri ve s\u0131nai haklar ile t\u00fcm telif haklar\u0131 ve di\u011fer fikri ve sinai m\u00fclkiyet haklar\u0131 MESA&#8217;ya aittir. Bu Web Sitesinin yap\u0131s\u0131 ve i\u00e7eri\u011fi, sitede kullan\u0131lan her t\u00fcrl\u00fc g\u00f6rsel malzeme Fikir ve Sanat Eserleri Kanunu ve T\u00fcrk Ceza Kanunu kapsam\u0131nda korunmaktad\u0131r.<\/p>\n<p class=\"228bf8a64b8551e1MsoNormal\">\u0130nternet sitesinde bulunan hi\u00e7bir bilgi; \u00f6nceden izin al\u0131nmadan ve kaynak g\u00f6sterilmeden, kod ve yaz\u0131l\u0131m da dahil olmak \u00fczere, de\u011fi\u015ftirilemez, kopyalanamaz, \u00e7o\u011falt\u0131lamaz, ba\u015fka bir lisana \u00e7evrilemez, yeniden yay\u0131mlanamaz, ba\u015fka bir bilgisayara y\u00fcklenemez, postalanamaz, iletilemez, sunulamaz ya da da\u011f\u0131t\u0131lamaz. Sitenin b\u00fct\u00fcn\u00fc veya bir k\u0131sm\u0131 kaynak g\u00f6sterilmeden ba\u015fka bir web sitesinde izinsiz olarak kullan\u0131lamaz.<\/p>\n<p class=\"228bf8a64b8551e1MsoNormal\">A\u015fa\u011f\u0131da yer alan web ba\u011flant\u0131 etkinlikleri MESA taraf\u0131ndan a\u00e7\u0131k\u00e7a yasaklanm\u0131\u015ft\u0131r, telif hakk\u0131 ve marka ihlali sorunlar\u0131n\u0131 ortaya \u00e7\u0131karabilir:<\/p>\n<ul type=\"disc\">\n<li class=\"228bf8a64b8551e1MsoNormal\">Marka ve Logolar\u0131m\u0131z\u0131n yetkisiz kullan\u0131m\u0131n\u0131 i\u00e7eren linkler,<\/li>\n<li class=\"228bf8a64b8551e1MsoNormal\">Framing, inline linkler ya da metataglar<\/li>\n<li class=\"228bf8a64b8551e1MsoNormal\">Hyperlinks veya kaynak bulucuyu (URL) gizleyen ve ana sayfay\u0131 atlayan link t\u00fcrleri.<\/li>\n<\/ul>\n<p class=\"228bf8a64b8551e1MsoNormal\">(&#8220;MESA&#8221; ifadesi, MESA ad\u0131n\u0131n t\u00fcm\u00fcn\u00fc veya bir b\u00f6l\u00fcm\u00fcn\u00fc i\u00e7ine alan bir i\u015fletme ad\u0131 alt\u0131nda faaliyet g\u00f6steren \u015firketleri i\u00e7eren ayr\u0131 ve ba\u011f\u0131ms\u0131z \u00fcye \u015firketler a\u011f\u0131na dahil olan veya bir MESA kurulu\u015funun do\u011frudan veya dolayl\u0131 bir yan kurulu\u015f veya i\u015ftirakini, veya d\u00fcnya \u00e7ap\u0131ndaki MESA firmalar a\u011f\u0131 i\u00e7inde bulunan (veya bu a\u011f i\u00e7indeki bir kurulu\u015fla ba\u011flant\u0131l\u0131 veya ortak bir \u015firket) veya bu a\u011f\u0131n muhabir firmas\u0131 olan firma veya firmalar\u0131 ifade etmektedir. Burada kullan\u0131lan &#8220;kurulu\u015f&#8221; veya &#8220;kurulu\u015flar&#8221; ifadeleri, nerede bulunurlarsa bulunsunlar ortakl\u0131klar\u0131, firmalar\u0131, \u015firketleri ve di\u011fer i\u015fletmeleri ifade etmektedir)<\/p>\n<p><a href=\"https:\/\/www.sahibinden.com\/ilan\/emlak-konut-kiralik-sinpas-altinoran-turkuaz-bloklar-yuksek-kat-65m2-mobilyali-1-plus1-879372096\/detay\"><!-- \/wp:paragraph --><\/a><\/p>\t\t\t\t\t\t<\/div>\n\t\t\t\t<\/div>\n\t\t\t\t\t<\/div>\n\t\t<\/div>\n\t\t\t\t\t\t\t<\/div>\n\t\t<\/section>\n\t\t\t\t\t\t\t<\/div>","protected":false},"excerpt":{"rendered":"<p>YASAL UYARI MESA bu sitede yer alan bilgilerin tam ve do\u011fru veya sayfaya kesintisiz giri\u015f sa\u011flanaca\u011f\u0131n\u0131 garanti etmemektedir. \u0130\u015fbu sitede yer alan beyanlar hukuken taahh\u00fct niteli\u011finde say\u0131lmayacakt\u0131r ve ba\u011flay\u0131c\u0131 de\u011fildir. Bu bilgilerle \u00fc\u00e7\u00fcnc\u00fc \u015fah\u0131slar\u0131n haklar\u0131n\u0131n ihlal edilmemesi; m\u00fclkiyet, sat\u0131labilirlik, belirli bir ama\u00e7 i\u00e7in uygunluk ve\/veya bilgisayar vir\u00fcs\u00fc bulunmamas\u0131na ili\u015fkin garantiler dahil ancak bunlarla s\u0131n\u0131rl\u0131 kalmamak &hellip;<\/p>\n<p class=\"read-more\"> <a class=\"\" href=\"https:\/\/www.mesaahsap.com.tr\/en\/yasal-uyari\/\"> <span class=\"screen-reader-text\">Yasal Uyar\u0131<\/span> Read More &raquo;<\/a><\/p>","protected":false},"author":1,"featured_media":0,"parent":0,"menu_order":0,"comment_status":"closed","ping_status":"closed","template":"","meta":{"_eb_attr":"","site-sidebar-layout":"default","site-content-layout":"","ast-site-content-layout":"","site-content-style":"default","site-sidebar-style":"default","ast-global-header-display":"","ast-banner-title-visibility":"","ast-main-header-display":"","ast-hfb-above-header-display":"","ast-hfb-below-header-display":"","ast-hfb-mobile-header-display":"","site-post-title":"","ast-breadcrumbs-content":"","ast-featured-img":"","footer-sml-layout":"","theme-transparent-header-meta":"","adv-header-id-meta":"","stick-header-meta":"","header-above-stick-meta":"","header-main-stick-meta":"","header-below-stick-meta":"","astra-migrate-meta-layouts":"","footnotes":""},"class_list":["post-3","page","type-page","status-publish","hentry"],"_links":{"self":[{"href":"https:\/\/www.mesaahsap.com.tr\/en\/wp-json\/wp\/v2\/pages\/3","targetHints":{"allow":["GET"]}}],"collection":[{"href":"https:\/\/www.mesaahsap.com.tr\/en\/wp-json\/wp\/v2\/pages"}],"about":[{"href":"https:\/\/www.mesaahsap.com.tr\/en\/wp-json\/wp\/v2\/types\/page"}],"author":[{"embeddable":true,"href":"https:\/\/www.mesaahsap.com.tr\/en\/wp-json\/wp\/v2\/users\/1"}],"replies":[{"embeddable":true,"href":"https:\/\/www.mesaahsap.com.tr\/en\/wp-json\/wp\/v2\/comments?post=3"}],"version-history":[{"count":4,"href":"https:\/\/www.mesaahsap.com.tr\/en\/wp-json\/wp\/v2\/pages\/3\/revisions"}],"predecessor-version":[{"id":943,"href":"https:\/\/www.mesaahsap.com.tr\/en\/wp-json\/wp\/v2\/pages\/3\/revisions\/943"}],"wp:attachment":[{"href":"https:\/\/www.mesaahsap.com.tr\/en\/wp-json\/wp\/v2\/media?parent=3"}],"curies":[{"name":"wp","href":"https:\/\/api.w.org\/{rel}","templated":true}]}}