{"id":242,"date":"2023-06-02T06:51:32","date_gmt":"2023-06-02T06:51:32","guid":{"rendered":"https:\/\/www.mesaahsap.com.tr\/?page_id=242"},"modified":"2023-07-11T13:23:29","modified_gmt":"2023-07-11T13:23:29","slug":"tr","status":"publish","type":"page","link":"https:\/\/www.mesaahsap.com.tr\/en\/","title":{"rendered":"Ana Sayfa TR"},"content":{"rendered":"<div data-elementor-type=\"wp-page\" data-elementor-id=\"242\" class=\"elementor elementor-242\">\n\t\t\t\t\t\t\t\t\t<section class=\"elementor-section elementor-top-section elementor-element elementor-element-0fa1267 elementor-section-boxed elementor-section-height-default elementor-section-height-default\" data-id=\"0fa1267\" data-element_type=\"section\">\n\t\t\t\t\t\t<div class=\"elementor-container elementor-column-gap-default\">\n\t\t\t\t\t<div class=\"elementor-column elementor-col-100 elementor-top-column elementor-element elementor-element-8f4c2c4\" data-id=\"8f4c2c4\" data-element_type=\"column\">\n\t\t\t<div class=\"elementor-widget-wrap elementor-element-populated\">\n\t\t\t\t\t\t\t\t<div class=\"elementor-element elementor-element-e1f49fa elementor-widget elementor-widget-image\" data-id=\"e1f49fa\" data-element_type=\"widget\" data-widget_type=\"image.default\">\n\t\t\t\t<div class=\"elementor-widget-container\">\n\t\t\t<style>\/*! elementor - v3.17.0 - 01-11-2023 *\/\n.elementor-widget-image{text-align:center}.elementor-widget-image a{display:inline-block}.elementor-widget-image a img[src$=\".svg\"]{width:48px}.elementor-widget-image img{vertical-align:middle;display:inline-block}<\/style>\t\t\t\t\t\t\t\t\t\t\t\t<img loading=\"lazy\" decoding=\"async\" width=\"1536\" height=\"968\" src=\"https:\/\/www.mesaahsap.com.tr\/wp-content\/uploads\/2023\/05\/1clubhousecemal-emden-1-edited-e1685692303236-1536x968.jpg\" class=\"attachment-1536x1536 size-1536x1536 wp-image-13\" alt=\"\" srcset=\"https:\/\/www.mesaahsap.com.tr\/wp-content\/uploads\/2023\/05\/1clubhousecemal-emden-1-edited-e1685692303236-1536x968.jpg 1536w, https:\/\/www.mesaahsap.com.tr\/wp-content\/uploads\/2023\/05\/1clubhousecemal-emden-1-edited-e1685692303236-300x189.jpg 300w, https:\/\/www.mesaahsap.com.tr\/wp-content\/uploads\/2023\/05\/1clubhousecemal-emden-1-edited-e1685692303236-1024x645.jpg 1024w, https:\/\/www.mesaahsap.com.tr\/wp-content\/uploads\/2023\/05\/1clubhousecemal-emden-1-edited-e1685692303236-768x484.jpg 768w, https:\/\/www.mesaahsap.com.tr\/wp-content\/uploads\/2023\/05\/1clubhousecemal-emden-1-edited-e1685692303236-2048x1290.jpg 2048w, https:\/\/www.mesaahsap.com.tr\/wp-content\/uploads\/2023\/05\/1clubhousecemal-emden-1-edited-e1685692303236-18x12.jpg 18w\" sizes=\"auto, (max-width: 1536px) 100vw, 1536px\" \/>\t\t\t\t\t\t\t\t\t\t\t\t\t\t\t<\/div>\n\t\t\t\t<\/div>\n\t\t\t\t\t<\/div>\n\t\t<\/div>\n\t\t\t\t\t\t\t<\/div>\n\t\t<\/section>\n\t\t\t\t<section class=\"elementor-section elementor-top-section elementor-element elementor-element-f762b97 elementor-reverse-mobile elementor-section-boxed elementor-section-height-default elementor-section-height-default\" data-id=\"f762b97\" data-element_type=\"section\">\n\t\t\t\t\t\t<div class=\"elementor-container elementor-column-gap-default\">\n\t\t\t\t\t<div class=\"elementor-column elementor-col-100 elementor-top-column elementor-element elementor-element-cbe3d37\" data-id=\"cbe3d37\" data-element_type=\"column\">\n\t\t\t<div class=\"elementor-widget-wrap elementor-element-populated\">\n\t\t\t\t\t\t\t\t<div class=\"elementor-element elementor-element-9055254 elementor-widget elementor-widget-heading\" data-id=\"9055254\" data-element_type=\"widget\" data-widget_type=\"heading.default\">\n\t\t\t\t<div class=\"elementor-widget-container\">\n\t\t\t<style>\/*! elementor - v3.17.0 - 01-11-2023 *\/\n.elementor-heading-title{padding:0;margin:0;line-height:1}.elementor-widget-heading .elementor-heading-title[class*=elementor-size-]>a{color:inherit;font-size:inherit;line-height:inherit}.elementor-widget-heading .elementor-heading-title.elementor-size-small{font-size:15px}.elementor-widget-heading .elementor-heading-title.elementor-size-medium{font-size:19px}.elementor-widget-heading .elementor-heading-title.elementor-size-large{font-size:29px}.elementor-widget-heading .elementor-heading-title.elementor-size-xl{font-size:39px}.elementor-widget-heading .elementor-heading-title.elementor-size-xxl{font-size:59px}<\/style><h6 class=\"elementor-heading-title elementor-size-default\">We Bring Nature to Your Home\u2026<\/h6>\t\t<\/div>\n\t\t\t\t<\/div>\n\t\t\t\t<div class=\"elementor-element elementor-element-8c5fdbf elementor-widget__width-initial elementor-widget-mobile__width-initial elementor-widget elementor-widget-heading\" data-id=\"8c5fdbf\" data-element_type=\"widget\" data-widget_type=\"heading.default\">\n\t\t\t\t<div class=\"elementor-widget-container\">\n\t\t\t<p class=\"elementor-heading-title elementor-size-default\">Mesa Ah\u015fap adds a breath of fresh air to living spaces ranging from homes to hotels with its \ncustomized wood solutions and refined range of products.<\/p>\t\t<\/div>\n\t\t\t\t<\/div>\n\t\t\t\t\t<\/div>\n\t\t<\/div>\n\t\t\t\t\t\t\t<\/div>\n\t\t<\/section>\n\t\t\t\t<section class=\"elementor-section elementor-top-section elementor-element elementor-element-6aa3b67 elementor-hidden-mobile elementor-hidden-tablet elementor-section-boxed elementor-section-height-default elementor-section-height-default\" data-id=\"6aa3b67\" data-element_type=\"section\">\n\t\t\t\t\t\t<div class=\"elementor-container elementor-column-gap-default\">\n\t\t\t\t\t<div class=\"elementor-column elementor-col-100 elementor-top-column elementor-element elementor-element-eb8a258\" data-id=\"eb8a258\" data-element_type=\"column\">\n\t\t\t<div class=\"elementor-widget-wrap elementor-element-populated\">\n\t\t\t\t\t\t\t\t<div class=\"elementor-element elementor-element-dfe097f elementor-widget elementor-widget-sp_wp_carousel_shortcode\" data-id=\"dfe097f\" data-element_type=\"widget\" data-widget_type=\"sp_wp_carousel_shortcode.default\">\n\t\t\t\t<div class=\"elementor-widget-container\">\n\t\t\t <style id=\"wp_carousel_dynamic_css99\">#sp-wp-carousel-free-id-99.sp-wpcp-99 .wpcp-single-item {border: 1px solid #dddddd;}#sp-wp-carousel-free-id-99.sp-wpcp-99 .swiper-button-prev,#sp-wp-carousel-free-id-99.sp-wpcp-99 .swiper-button-next,#sp-wp-carousel-free-id-99.sp-wpcp-99 .swiper-button-prev:hover,#sp-wp-carousel-free-id-99.sp-wpcp-99 .swiper-button-next:hover {background: none;border: none;font-size: 30px;}#sp-wp-carousel-free-id-99.sp-wpcp-99 .swiper-button-prev i,#sp-wp-carousel-free-id-99.sp-wpcp-99 .swiper-button-next i {color: #aaa;}#sp-wp-carousel-free-id-99.sp-wpcp-99 .swiper-button-prev i:hover,#sp-wp-carousel-free-id-99.sp-wpcp-99 .swiper-button-next i:hover {color: #977c61;}#sp-wp-carousel-free-id-99 .wpcpro-row>[class*=\"wpcpro-col-\"] { padding: 0 10px; padding-bottom: 20px;}@media (min-width: 480px) { .wpcpro-row .wpcpro-col-sm-1 { flex: 0 0 100%; max-width: 100%; } .wpcpro-row .wpcpro-col-sm-2 { flex: 0 0 50%; max-width: 50%; } .wpcpro-row .wpcpro-col-sm-2-5 { flex: 0 0 75%; max-width: 75%; } .wpcpro-row .wpcpro-col-sm-3 { flex: 0 0 33.333%; max-width: 33.333%; } .wpcpro-row .wpcpro-col-sm-4 { flex: 0 0 25%; max-width: 25%; } .wpcpro-row .wpcpro-col-sm-5 { flex: 0 0 20%; max-width: 20%; } .wpcpro-row .wpcpro-col-sm-6 { flex: 0 0 16.66666666666667%; max-width: 16.66666666666667%; } .wpcpro-row .wpcpro-col-sm-7 { flex: 0 0 14.28571428%; max-width: 14.28571428%; } .wpcpro-row .wpcpro-col-sm-8 { flex: 0 0 12.5%; max-width: 12.5%; } } @media (max-width: 480px) { .wpcpro-row .wpcpro-col-xs-1 { flex: 0 0 100%; max-width: 100%; } .wpcpro-row .wpcpro-col-xs-2 { flex: 0 0 50%; max-width: 50%; } .wpcpro-row .wpcpro-col-xs-3 { flex: 0 0 33.222%; max-width: 33.222%; } .wpcpro-row .wpcpro-col-xs-4 { flex: 0 0 25%; max-width: 25%; } .wpcpro-row .wpcpro-col-xs-5 { flex: 0 0 20%; max-width: 20%; } .wpcpro-row .wpcpro-col-xs-6 { flex: 0 0 16.6667%; max-width: 16.6667%; } .wpcpro-row .wpcpro-col-xs-7 { flex: 0 0 14.28571428%; max-width: 14.28571428%; } .wpcpro-row .wpcpro-col-xs-8 { flex: 0 0 12.5%; max-width: 12.5%; } } @media (min-width: 736px) { .wpcpro-row .wpcpro-col-md-1 { flex: 0 0 100%; max-width: 100%; } .wpcpro-row .wpcpro-col-md-2 { flex: 0 0 50%; max-width: 50%; } .wpcpro-row .wpcpro-col-md-2-5 { flex: 0 0 75%; max-width: 75%; } .wpcpro-row .wpcpro-col-md-3 { flex: 0 0 33.333%; max-width: 33.333%; } .wpcpro-row .wpcpro-col-md-4 { flex: 0 0 25%; max-width: 25%; } .wpcpro-row .wpcpro-col-md-5 { flex: 0 0 20%; max-width: 20%; } .wpcpro-row .wpcpro-col-md-6 { flex: 0 0 16.66666666666667%; max-width: 16.66666666666667%; } .wpcpro-row .wpcpro-col-md-7 { flex: 0 0 14.28571428%; max-width: 14.28571428%; } .wpcpro-row .wpcpro-col-md-8 { flex: 0 0 12.5%; max-width: 12.5%; } } @media (min-width: 980px) { .wpcpro-row .wpcpro-col-lg-1 { flex: 0 0 100%; max-width: 100%; } .wpcpro-row .wpcpro-col-lg-2 { flex: 0 0 50%; max-width: 50%; } .wpcpro-row .wpcpro-col-lg-3 { flex: 0 0 33.222%; max-width: 33.222%; } .wpcpro-row .wpcpro-col-lg-4 { flex: 0 0 25%; max-width: 25%; } .wpcpro-row .wpcpro-col-lg-5 { flex: 0 0 20%; max-width: 20%; } .wpcpro-row .wpcpro-col-lg-6 { flex: 0 0 16.6667%; max-width: 16.6667%; } .wpcpro-row .wpcpro-col-lg-7 { flex: 0 0 14.28571428%; max-width: 14.28571428%; } .wpcpro-row .wpcpro-col-lg-8 { flex: 0 0 12.5%; max-width: 12.5%; } } @media (min-width: 1200px) { .wpcpro-row .wpcpro-col-xl-1 { flex: 0 0 100%; max-width: 100%; } .wpcpro-row .wpcpro-col-xl-2 { flex: 0 0 50%; max-width: 50%; } .wpcpro-row .wpcpro-col-xl-3 { flex: 0 0 33.22222222%; max-width: 33.22222222%; } .wpcpro-row .wpcpro-col-xl-4 { flex: 0 0 25%; max-width: 25%; } .wpcpro-row .wpcpro-col-xl-5 { flex: 0 0 20%; max-width: 20%; } .wpcpro-row .wpcpro-col-xl-6 { flex: 0 0 16.66667%; max-width: 16.66667%; } .wpcpro-row .wpcpro-col-xl-7 { flex: 0 0 14.28571428%; max-width: 14.28571428%; } .wpcpro-row .wpcpro-col-xl-8 { flex: 0 0 12.5%; max-width: 12.5%; } }<\/style><div class=\"wpcp-carousel-wrapper wpcp-wrapper-99\">\n\t<div id=\"wpcp-preloader-99\" class=\"wpcp-carousel-preloader\"><img decoding=\"async\" src=\"https:\/\/www.mesaahsap.com.tr\/wp-content\/plugins\/wp-carousel-free\/public\/css\/spinner.svg\" alt=\"Preloader Image\" \/><\/div>\t<div class=\"wpcp-carousel-content-wrapper\">\n\t<div id=\"sp-wp-carousel-free-id-99\" class=\"wpcp-carousel-section sp-wpcp-99  nav-vertical-center wpcp-image-carousel wpcp-preloader wpcp-standard\" data-swiper='{ \"accessibility\":true, \"spaceBetween\":20, \"arrows\":true, \"freeMode\": false, \"autoplay\":true, \"autoplaySpeed\":3000, \"dots\":false, \"infinite\":true, \"speed\":600, \"pauseOnHover\":true,\t\t\t\"slidesToShow\":{\"lg_desktop\":4, \"desktop\": 2, \"laptop\": 2, \"tablet\": 2, \"mobile\": 1}, \"responsive\":{\"desktop\":1200, \"laptop\": 980, \"tablet\": 736, \"mobile\": 480}, \"rtl\":false, \"lazyLoad\": \"false\", \"swipe\": false, \"draggable\": false, \"swipeToSlide\":false }'   dir=\"ltr\">\n\t\t<div class=\"swiper-wrapper\">\n\t\t<div class=\"swiper-slide\">\n\t<div class=\"wpcp-single-item\">\n\t\t\t<div class=\"wpcp-slide-image\">\n\t\t<img loading=\"lazy\" decoding=\"async\" class=\"skip-lazy\" src=\"https:\/\/www.mesaahsap.com.tr\/wp-content\/uploads\/2023\/07\/mesa-koru-sitesi-e1689061410686.jpg\" alt=\"Pencere Sistemleri&amp;Ah\u015fap pencere sistemleri, gelenekselden moderne her zevke hitap edecek \u015fekilde ki\u015fiselle\u015ftirebilir.&amp;https:\/\/www.mesaahsap.com.tr\/pe-ncere-sistemleri\/&amp;https:\/\/www.mesaahsap.com.tr\/en\/pe-ncere-sistemleri\/\" width=\"1214\" height=\"1469\">\t<\/div>\n\t\t<\/div>\n<\/div>\n\t<div class=\"swiper-slide\">\n\t<div class=\"wpcp-single-item\">\n\t\t\t<div class=\"wpcp-slide-image\">\n\t\t<img loading=\"lazy\" decoding=\"async\" class=\"skip-lazy\" src=\"https:\/\/www.mesaahsap.com.tr\/wp-content\/uploads\/2023\/06\/indoor_mesa-bodrum-scaled-e1685973173665.jpg\" alt=\"\u0130\u00e7 ve D\u0131\u015f Kap\u0131lar&amp;Se\u00e7ti\u011finiz mimari tarz\u0131n alt\u0131n\u0131 \u00e7izecek i\u00e7 ve d\u0131\u015f kap\u0131 modelleri Mesa Ah\u015fap\u2019ta sizi bekliyor.&amp;https:\/\/www.mesaahsap.com.tr\/ic-dis-kapilar\/&amp;https:\/\/www.mesaahsap.com.tr\/en\/ic-dis-kapilar\/\" width=\"1222\" height=\"1472\">\t<\/div>\n\t\t<\/div>\n<\/div>\n\t<div class=\"swiper-slide\">\n\t<div class=\"wpcp-single-item\">\n\t\t\t<div class=\"wpcp-slide-image\">\n\t\t<img loading=\"lazy\" decoding=\"async\" class=\"skip-lazy\" src=\"https:\/\/www.mesaahsap.com.tr\/wp-content\/uploads\/2023\/05\/2-e1685951369585.jpg\" alt=\"Sabit Mobilyalar&amp;Yatak odalar\u0131ndan mutfak ve banyolara uzanan kaliteli mobilya ve depolama \u00e7\u00f6z\u00fcmlerimizle, evlerde armoniyi yakalay\u0131n.&amp;https:\/\/www.mesaahsap.com.tr\/sabit-mobilyalar\/&amp;https:\/\/www.mesaahsap.com.tr\/en\/sabit-mobilyalar\/\" width=\"1220\" height=\"1470\">\t<\/div>\n\t\t<\/div>\n<\/div>\n\t<div class=\"swiper-slide\">\n\t<div class=\"wpcp-single-item\">\n\t\t\t<div class=\"wpcp-slide-image\">\n\t\t<img loading=\"lazy\" decoding=\"async\" class=\"skip-lazy\" src=\"https:\/\/www.mesaahsap.com.tr\/wp-content\/uploads\/2023\/06\/mesa-orman-scaled-e1685973651246.jpg\" alt=\"Ah\u015fap Dekorlar&amp;Dekoratif duvar panelleri, oda separat\u00f6rleri ve yatak ba\u015flar\u0131 gibi ah\u015fap detaylar ile modern mek\u00e2nlara karakter ve derinlik kazand\u0131r\u0131n.&amp;https:\/\/www.mesaahsap.com.tr\/ahsap-dekorlar\/&amp;https:\/\/www.mesaahsap.com.tr\/en\/ahsap-dekorlar\/\" width=\"1218\" height=\"1468\">\t<\/div>\n\t\t<\/div>\n<\/div>\n\t<div class=\"swiper-slide\">\n\t<div class=\"wpcp-single-item\">\n\t\t\t<div class=\"wpcp-slide-image\">\n\t\t<img loading=\"lazy\" decoding=\"async\" class=\"skip-lazy\" src=\"https:\/\/www.mesaahsap.com.tr\/wp-content\/uploads\/2023\/07\/mesa-bodrum--e1689072678928.jpg\" alt=\"D\u0131\u015f Mek\u00e2n \u00c7\u00f6z\u00fcmleri&amp;Ah\u015fap kepenkler ve pergolalar, d\u0131\u015f mek\u00e2nlarda ve bah\u00e7elerde sakinlik ve do\u011fall\u0131k arayanlar\u0131n vazge\u00e7ilmezi.&amp;https:\/\/www.mesaahsap.com.tr\/dis-mekan-cozumleri\/&amp;https:\/\/www.mesaahsap.com.tr\/en\/dis-mekan-cozumleri\/\" width=\"1214\" height=\"1468\">\t<\/div>\n\t\t<\/div>\n<\/div>\n\t<div class=\"swiper-slide\">\n\t<div class=\"wpcp-single-item\">\n\t\t\t<div class=\"wpcp-slide-image\">\n\t\t<img loading=\"lazy\" decoding=\"async\" class=\"skip-lazy\" src=\"https:\/\/www.mesaahsap.com.tr\/wp-content\/uploads\/2023\/07\/mesa-bodrum-demirb\u0081k\u0081--scaled-e1689073424827.jpg\" alt=\"\u00d6zel \u00dcretimler&amp;\u00d6zel konutlar ve villalar i\u00e7in sabit mobilyalar\u0131n yan\u0131 s\u0131ra, butik otellerin \u00e7e\u015fitli sosyal alanlar\u0131na \u00f6zel ah\u015fap \u00fcretimler.&amp;https:\/\/www.mesaahsap.com.tr\/ozel-uretimler\/&amp;https:\/\/www.mesaahsap.com.tr\/en\/ozel-uretimler\/\" width=\"1216\" height=\"1472\">\t<\/div>\n\t\t<\/div>\n<\/div>\n\t\t\t<\/div>\n\t\t\t\t<!-- If we need navigation buttons -->\n\t\t\t\t\t<div class=\"wpcp-prev-button swiper-button-prev\"><i class=\"fa fa-angle-left\"><\/i><\/div>\n\t\t\t<div class=\"wpcp-next-button swiper-button-next\"><i class=\"fa fa-angle-right\"><\/i><\/div>\n\t\t\t<\/div>\n\t<\/div>\n<\/div>\n\t\t<\/div>\n\t\t\t\t<\/div>\n\t\t\t\t\t<\/div>\n\t\t<\/div>\n\t\t\t\t\t\t\t<\/div>\n\t\t<\/section>\n\t\t\t\t<section class=\"elementor-section elementor-top-section elementor-element elementor-element-72b3efb elementor-section-boxed elementor-section-height-default elementor-section-height-default\" data-id=\"72b3efb\" data-element_type=\"section\">\n\t\t\t\t\t\t<div class=\"elementor-container elementor-column-gap-default\">\n\t\t\t\t\t<div class=\"elementor-column elementor-col-50 elementor-top-column elementor-element elementor-element-ce760e3\" data-id=\"ce760e3\" data-element_type=\"column\">\n\t\t\t<div class=\"elementor-widget-wrap elementor-element-populated\">\n\t\t\t\t\t\t\t\t<div class=\"elementor-element elementor-element-60d1154 elementor-widget-tablet__width-initial elementor-widget elementor-widget-image\" data-id=\"60d1154\" data-element_type=\"widget\" data-widget_type=\"image.default\">\n\t\t\t\t<div class=\"elementor-widget-container\">\n\t\t\t\t\t\t\t\t\t\t\t\t\t\t\t<img decoding=\"async\" src=\"https:\/\/www.mesaahsap.com.tr\/wp-content\/uploads\/2023\/06\/12.jpg\" title=\"12\" alt=\"12\" loading=\"lazy\" \/>\t\t\t\t\t\t\t\t\t\t\t\t\t\t\t<\/div>\n\t\t\t\t<\/div>\n\t\t\t\t\t<\/div>\n\t\t<\/div>\n\t\t\t\t<div class=\"elementor-column elementor-col-50 elementor-top-column elementor-element elementor-element-29d74d4\" data-id=\"29d74d4\" data-element_type=\"column\">\n\t\t\t<div class=\"elementor-widget-wrap elementor-element-populated\">\n\t\t\t\t\t\t\t\t<div class=\"elementor-element elementor-element-63630ac elementor-widget elementor-widget-spacer\" data-id=\"63630ac\" data-element_type=\"widget\" data-widget_type=\"spacer.default\">\n\t\t\t\t<div class=\"elementor-widget-container\">\n\t\t\t<style>\/*! elementor - v3.17.0 - 01-11-2023 *\/\n.elementor-column .elementor-spacer-inner{height:var(--spacer-size)}.e-con{--container-widget-width:100%}.e-con-inner>.elementor-widget-spacer,.e-con>.elementor-widget-spacer{width:var(--container-widget-width,var(--spacer-size));--align-self:var(--container-widget-align-self,initial);--flex-shrink:0}.e-con-inner>.elementor-widget-spacer>.elementor-widget-container,.e-con>.elementor-widget-spacer>.elementor-widget-container{height:100%;width:100%}.e-con-inner>.elementor-widget-spacer>.elementor-widget-container>.elementor-spacer,.e-con>.elementor-widget-spacer>.elementor-widget-container>.elementor-spacer{height:100%}.e-con-inner>.elementor-widget-spacer>.elementor-widget-container>.elementor-spacer>.elementor-spacer-inner,.e-con>.elementor-widget-spacer>.elementor-widget-container>.elementor-spacer>.elementor-spacer-inner{height:var(--container-widget-height,var(--spacer-size))}.e-con-inner>.elementor-widget-spacer.elementor-widget-empty,.e-con>.elementor-widget-spacer.elementor-widget-empty{position:relative;min-height:22px;min-width:22px}.e-con-inner>.elementor-widget-spacer.elementor-widget-empty .elementor-widget-empty-icon,.e-con>.elementor-widget-spacer.elementor-widget-empty .elementor-widget-empty-icon{position:absolute;top:0;bottom:0;left:0;right:0;margin:auto;padding:0;width:22px;height:22px}<\/style>\t\t<div class=\"elementor-spacer\">\n\t\t\t<div class=\"elementor-spacer-inner\"><\/div>\n\t\t<\/div>\n\t\t\t\t<\/div>\n\t\t\t\t<\/div>\n\t\t\t\t<section class=\"elementor-section elementor-inner-section elementor-element elementor-element-0fcb1e9 elementor-section-boxed elementor-section-height-default elementor-section-height-default\" data-id=\"0fcb1e9\" data-element_type=\"section\">\n\t\t\t\t\t\t<div class=\"elementor-container elementor-column-gap-default\">\n\t\t\t\t\t<div class=\"elementor-column elementor-col-100 elementor-inner-column elementor-element elementor-element-aeec6ef\" data-id=\"aeec6ef\" data-element_type=\"column\">\n\t\t\t<div class=\"elementor-widget-wrap elementor-element-populated\">\n\t\t\t\t\t\t\t\t<div class=\"elementor-element elementor-element-84629ed elementor-widget elementor-widget-heading\" data-id=\"84629ed\" data-element_type=\"widget\" data-widget_type=\"heading.default\">\n\t\t\t\t<div class=\"elementor-widget-container\">\n\t\t\t<h5 class=\"elementor-heading-title elementor-size-default\">Use Wood to Make Your Spaces Elegant and Timeless<\/h5>\t\t<\/div>\n\t\t\t\t<\/div>\n\t\t\t\t\t<\/div>\n\t\t<\/div>\n\t\t\t\t\t\t\t<\/div>\n\t\t<\/section>\n\t\t\t\t<section class=\"elementor-section elementor-inner-section elementor-element elementor-element-cbe42bc elementor-section-boxed elementor-section-height-default elementor-section-height-default\" data-id=\"cbe42bc\" data-element_type=\"section\">\n\t\t\t\t\t\t<div class=\"elementor-container elementor-column-gap-default\">\n\t\t\t\t\t<div class=\"elementor-column elementor-col-100 elementor-inner-column elementor-element elementor-element-277d384\" data-id=\"277d384\" data-element_type=\"column\">\n\t\t\t<div class=\"elementor-widget-wrap elementor-element-populated\">\n\t\t\t\t\t\t\t\t<div class=\"elementor-element elementor-element-b426748 elementor-widget__width-initial elementor-widget elementor-widget-text-editor\" data-id=\"b426748\" data-element_type=\"widget\" data-widget_type=\"text-editor.default\">\n\t\t\t\t<div class=\"elementor-widget-container\">\n\t\t\t<style>\/*! elementor - v3.17.0 - 01-11-2023 *\/\n.elementor-widget-text-editor.elementor-drop-cap-view-stacked .elementor-drop-cap{background-color:#69727d;color:#fff}.elementor-widget-text-editor.elementor-drop-cap-view-framed .elementor-drop-cap{color:#69727d;border:3px solid;background-color:transparent}.elementor-widget-text-editor:not(.elementor-drop-cap-view-default) .elementor-drop-cap{margin-top:8px}.elementor-widget-text-editor:not(.elementor-drop-cap-view-default) .elementor-drop-cap-letter{width:1em;height:1em}.elementor-widget-text-editor .elementor-drop-cap{float:left;text-align:center;line-height:1;font-size:50px}.elementor-widget-text-editor .elementor-drop-cap-letter{display:inline-block}<\/style>\t\t\t\t<p><span style=\"font-size: 14px; font-family: georgia, palatino;\">The oldest construction material on earth is still the most appreciated one with \nthe natural aesthetics, strength and versatility it offers while designing spaces.\u00a0<\/span><\/p><p><span style=\"font-family: georgia, palatino; font-size: 14px;\">Wood is \u201cthe material of the future\u201d, being 0 renewable and earth-friendly. \nWood products are more climate-smart, as trees actually bind the carbondioxide \nreleased to the atmosphere.\u00a0<\/span><\/p><p><span style=\"background-color: var(--ast-global-color-5); color: var( --e-global-color-text ); font-family: georgia, palatino; font-size: 14px; font-style: inherit; font-weight: inherit;\">Manufacturing wood products is also more sustainable, as the whole production \nchain concerned is much more energy-efficient and cost-effective compared to \nother building materials.<\/span><\/p>\t\t\t\t\t\t<\/div>\n\t\t\t\t<\/div>\n\t\t\t\t\t<\/div>\n\t\t<\/div>\n\t\t\t\t\t\t\t<\/div>\n\t\t<\/section>\n\t\t\t\t\t<\/div>\n\t\t<\/div>\n\t\t\t\t\t\t\t<\/div>\n\t\t<\/section>\n\t\t\t\t<section class=\"elementor-section elementor-top-section elementor-element elementor-element-1e5a318 elementor-section-boxed elementor-section-height-default elementor-section-height-default\" data-id=\"1e5a318\" data-element_type=\"section\">\n\t\t\t\t\t\t<div class=\"elementor-container elementor-column-gap-default\">\n\t\t\t\t\t<div class=\"elementor-column elementor-col-100 elementor-top-column elementor-element elementor-element-de3c131\" data-id=\"de3c131\" data-element_type=\"column\">\n\t\t\t<div class=\"elementor-widget-wrap elementor-element-populated\">\n\t\t\t\t\t\t\t\t<div class=\"elementor-element elementor-element-fc16c79 elementor-widget elementor-widget-spacer\" data-id=\"fc16c79\" data-element_type=\"widget\" data-widget_type=\"spacer.default\">\n\t\t\t\t<div class=\"elementor-widget-container\">\n\t\t\t\t\t<div class=\"elementor-spacer\">\n\t\t\t<div class=\"elementor-spacer-inner\"><\/div>\n\t\t<\/div>\n\t\t\t\t<\/div>\n\t\t\t\t<\/div>\n\t\t\t\t\t<\/div>\n\t\t<\/div>\n\t\t\t\t\t\t\t<\/div>\n\t\t<\/section>\n\t\t\t\t\t\t\t<\/div>","protected":false},"excerpt":{"rendered":"<p>Do\u011fay\u0131 Evinize Getiriyoruz&#8230; Mesa Ah\u015fap, konutlardan otellere uzanan farkl\u0131 \u00f6l\u00e7eklerdeki mekanlara \u00f6zel ah\u015fap \u00e7\u00f6z\u00fcmleri ve rafine \u00fcr\u00fcn yelpazesi ile ya\u015fam alanlar\u0131na nefes kat\u0131yor. \u015e\u0131k ve Zamans\u0131z Bir G\u00f6r\u00fcn\u00fcm \u0130\u00e7in Ah\u015fab\u0131n G\u00fcc\u00fc Yery\u00fcz\u00fcn\u00fcn en eski yap\u0131 malzemesi olan ah\u015fap; do\u011fal esteti\u011fi, dayan\u0131kl\u0131l\u0131\u011f\u0131 ve \u00e7ok y\u00f6nl\u00fcl\u00fc\u011f\u00fcyle h\u00e2l\u00e2 mekan tasar\u0131mlar\u0131n\u0131n en vazge\u00e7ilmezi.\u00a0 %100 yenilenebilir ve do\u011fa dostu olmas\u0131, &hellip;<\/p>\n<p class=\"read-more\"> <a class=\"\" href=\"https:\/\/www.mesaahsap.com.tr\/en\/\"> <span class=\"screen-reader-text\">Ana Sayfa TR<\/span> Read More &raquo;<\/a><\/p>","protected":false},"author":1,"featured_media":0,"parent":0,"menu_order":0,"comment_status":"closed","ping_status":"closed","template":"elementor_header_footer","meta":{"_eb_attr":"","site-sidebar-layout":"no-sidebar","site-content-layout":"page-builder","ast-site-content-layout":"","site-content-style":"default","site-sidebar-style":"default","ast-global-header-display":"","ast-banner-title-visibility":"","ast-main-header-display":"","ast-hfb-above-header-display":"","ast-hfb-below-header-display":"","ast-hfb-mobile-header-display":"","site-post-title":"disabled","ast-breadcrumbs-content":"","ast-featured-img":"disabled","footer-sml-layout":"","theme-transparent-header-meta":"","adv-header-id-meta":"","stick-header-meta":"","header-above-stick-meta":"","header-main-stick-meta":"","header-below-stick-meta":"","astra-migrate-meta-layouts":"","footnotes":""},"class_list":["post-242","page","type-page","status-publish","hentry"],"_links":{"self":[{"href":"https:\/\/www.mesaahsap.com.tr\/en\/wp-json\/wp\/v2\/pages\/242","targetHints":{"allow":["GET"]}}],"collection":[{"href":"https:\/\/www.mesaahsap.com.tr\/en\/wp-json\/wp\/v2\/pages"}],"about":[{"href":"https:\/\/www.mesaahsap.com.tr\/en\/wp-json\/wp\/v2\/types\/page"}],"author":[{"embeddable":true,"href":"https:\/\/www.mesaahsap.com.tr\/en\/wp-json\/wp\/v2\/users\/1"}],"replies":[{"embeddable":true,"href":"https:\/\/www.mesaahsap.com.tr\/en\/wp-json\/wp\/v2\/comments?post=242"}],"version-history":[{"count":90,"href":"https:\/\/www.mesaahsap.com.tr\/en\/wp-json\/wp\/v2\/pages\/242\/revisions"}],"predecessor-version":[{"id":623,"href":"https:\/\/www.mesaahsap.com.tr\/en\/wp-json\/wp\/v2\/pages\/242\/revisions\/623"}],"wp:attachment":[{"href":"https:\/\/www.mesaahsap.com.tr\/en\/wp-json\/wp\/v2\/media?parent=242"}],"curies":[{"name":"wp","href":"https:\/\/api.w.org\/{rel}","templated":true}]}}